{"id":77,"date":"2020-12-24T14:16:03","date_gmt":"2020-12-24T15:16:03","guid":{"rendered":"https:\/\/mahnazmashreghi.com\/de\/bs-contact\/"},"modified":"2021-02-16T15:05:52","modified_gmt":"2021-02-16T16:05:52","slug":"contact","status":"publish","type":"page","link":"https:\/\/mahnazmashreghi.com\/de\/contact\/","title":{"rendered":"Biografie"},"content":{"rendered":"<p>[vc_row][vc_column width=&#8220;2\/3&#8243; is_sidebar=&#8220;true&#8220;]\t<div\n\t\t\t\t\tclass=\"bs-shortcode bs-text bscb-15707 bsb-have-heading-color\">\n\t\t\t\t<h3 class=\"section-heading sh-t3 sh-s4\">\n\t\t\t\t<span class=\"h-text\">\u00dcber mich<\/span>\n\t\t\t\t<\/h3>\n\t\t\t\t<div class=\"bs-text-content\">\n\t\t\t<p>mein Name ist Mahnaz Mashreghi und ich arbeite als Entspannungstrainerin und Reiki Meisterin mit \u00fcber f\u00fcnfzehn Jahren Erfahrung im Iran und in Deutschland. Neben meiner praktischen T\u00e4tigkeit (Workshops, Gruppen- und Einzelberatung) habe ich bisher zwei B\u00fccher im Bereich Atemtechniken und Arbeit mit den Chakren (Energiezentren)aus dem Deutschen ins Persische (Farsi) \u00fcbersetzt sowie ein Buch zu den Methoden Autogenes Training und Progressive Muskelentspannung verfasst.<\/p>\n<p>Mit der zunehmenden Multikulturalit\u00e4t in Deutschland werden viele Herausforderungen f\u00fcr die Minderheitengruppen ersichtlich &#8211; die gesellschaftliche Integration wirkt sich stark auf das psychische und k\u00f6rperliche Wohlbefinden aus. Meist dauert es ein paar Jahre bis sprachliche Barrieren aufgehoben werden und so eine Beratung und Begleitung in Notsituationen auf Augenh\u00f6he erm\u00f6glicht wird. Meine bisherigen Erfahrungen haben mir gezeigt, dass viele in Deutschland lebenden Migrant*innen sich bei Schwierigkeiten eine fachliche Begleitung w\u00fcnschen, die kultursensibel ist und aber auch sprachliche Hindernisse nicht bestehen.<\/p>\n<p>In Anbetracht der aktuellen Situation kann ich Workshops virtuell anbieten &#8211; damit auch in diesen Zeiten, die mit erh\u00f6hter Belastung und sozialer Isolation eingehen &#8211; Kurse f\u00fcr das psychische Wohlbefinden umgesetzt werden k\u00f6nnen.<br \/>\nSie k\u00f6nnen gerne mich kontaktieren.<\/p>\n\t\t<\/div>\n\t<\/div><!-- .bs-text -->\n\t<div\n\t\t\t\t\tclass=\"bs-shortcode bs-text \">\n\t\t\t\t<h3 class=\"section-heading sh-t3 sh-s4\">\n\t\t\t\t<span class=\"h-text\">Kontaktm\u00f6glichkeit<\/span>\n\t\t\t\t<\/h3>\n\t\t\t\t<div class=\"bs-text-content\">\n\t\t\t<div class=\"wpcf7 no-js\" id=\"wpcf7-f120-o1\" lang=\"fa-IR\" dir=\"rtl\">\n<div class=\"screen-reader-response\">\n<p role=\"status\" aria-live=\"polite\" aria-atomic=\"true\">\n<ul><\/ul>\n<\/div>\n<form action=\"\/de\/wp-json\/wp\/v2\/pages\/77#wpcf7-f120-o1\" method=\"post\" class=\"wpcf7-form init\" aria-label=\"\u0641\u0631\u0645 \u062a\u0645\u0627\u0633\" novalidate=\"novalidate\" data-status=\"init\">\n<div style=\"display: none;\">\n<input type=\"hidden\" name=\"_wpcf7\" value=\"120\" \/><br \/>\n<input type=\"hidden\" name=\"_wpcf7_version\" value=\"5.7.7\" \/><br \/>\n<input type=\"hidden\" name=\"_wpcf7_locale\" value=\"fa_IR\" \/><br \/>\n<input type=\"hidden\" name=\"_wpcf7_unit_tag\" value=\"wpcf7-f120-o1\" \/><br \/>\n<input type=\"hidden\" name=\"_wpcf7_container_post\" value=\"0\" \/><br \/>\n<input type=\"hidden\" name=\"_wpcf7_posted_data_hash\" value=\"\" \/>\n<\/div>\n<p><label> Name, Vornahme<br \/>\n<span class=\"wpcf7-form-control-wrap\" data-name=\"your-name\"><input size=\"40\" class=\"wpcf7-form-control wpcf7-text wpcf7-validates-as-required\" aria-required=\"true\" aria-invalid=\"false\" value=\"\" type=\"text\" name=\"your-name\" \/><\/span> <\/label>\n<\/p>\n<p><label> Email Adresse<br \/>\n<span class=\"wpcf7-form-control-wrap\" data-name=\"your-email\"><input size=\"40\" class=\"wpcf7-form-control wpcf7-text wpcf7-email wpcf7-validates-as-required wpcf7-validates-as-email\" aria-required=\"true\" aria-invalid=\"false\" value=\"\" type=\"email\" name=\"your-email\" \/><\/span> <\/label>\n<\/p>\n<p><label> Betreff<br \/>\n<span class=\"wpcf7-form-control-wrap\" data-name=\"your-subject\"><input size=\"40\" class=\"wpcf7-form-control wpcf7-text wpcf7-validates-as-required\" aria-required=\"true\" aria-invalid=\"false\" value=\"\" type=\"text\" name=\"your-subject\" \/><\/span> <\/label>\n<\/p>\n<p><label> Ihre Nachricht<br \/>\n<span class=\"wpcf7-form-control-wrap\" data-name=\"your-message\"><textarea cols=\"40\" rows=\"10\" class=\"wpcf7-form-control wpcf7-textarea wpcf7-validates-as-required\" aria-required=\"true\" aria-invalid=\"false\" name=\"your-message\"><\/textarea><\/span> <\/label>\n<\/p>\n<div id=\"cf7sr-69e17a98256d6\" class=\"cf7sr-g-recaptcha\" data-sitekey=\"6Lf49lQfAAAAAMxI4Y37A8bdDMVKZeyIdbmHXWB_\"><\/div>\n<p><span class=\"wpcf7-form-control-wrap cf7sr-recaptcha\" data-name=\"cf7sr-recaptcha\"><input type=\"hidden\" name=\"cf7sr-recaptcha\" value=\"\" class=\"wpcf7-form-control\"><\/span>\n<\/p>\n<p><input class=\"wpcf7-form-control has-spinner wpcf7-submit\" type=\"submit\" value=\"einreichen\" \/>\n<\/p>\n<p style=\"display: none !important;\"><label>&#916;<textarea name=\"_wpcf7_ak_hp_textarea\" cols=\"45\" rows=\"8\" maxlength=\"100\"><\/textarea><\/label><input type=\"hidden\" id=\"ak_js_1\" name=\"_wpcf7_ak_js\" value=\"71\"\/><script>document.getElementById( \"ak_js_1\" ).setAttribute( \"value\", ( new Date() ).getTime() );<\/script><\/p>\n<div class=\"wpcf7-response-output\" aria-hidden=\"true\"><\/div>\n<\/form>\n<\/div>\n\t\t<\/div>\n\t<\/div><!-- .bs-text -->\n[\/vc_column][vc_column width=&#8220;1\/3&#8243; is_sidebar=&#8220;true&#8220; el_class=&#8220;sticky-column&#8220;]\t<div\n\t\t\t\t\tclass=\"bs-shortcode bs-text bscb-36772 bsb-have-heading-color\">\n\t\t\t\t<h3 class=\"section-heading sh-t3 sh-s4\">\n\t\t\t\t<span class=\"h-text\">Kontakt<\/span>\n\t\t\t\t<\/h3>\n\t\t\t\t<div class=\"bs-text-content\">\n\t\t\t<p>Adresse:<br \/>\nBerner weg, Hamburg 22393, Deutschland<\/p>\n<hr \/>\n<p style=\"text-align: left;\">Telegramm ID:<\/p>\n<p><a href=\"https:\/\/t.me\/mashreghi77\" target=\"_blank\" rel=\"noopener\">Hier klicken!<\/a><\/p>\n<hr \/>\n<p style=\"text-align: left;\">Email Adresse:<\/p>\n<p style=\"text-align: left;\">Mahnaz.mashreghi@yahoo.com<\/p>\n<p>\n\t\t<\/div>\n\t<\/div><!-- .bs-text -->\n[vc_raw_html]JTNDaWZyYW1lJTIwc3JjJTNEJTIyaHR0cHMlM0ElMkYlMkZ3d3cuZ29vZ2xlLmNvbSUyRm1hcHMlMkZlbWJlZCUzRnBiJTNEJTIxMW0xOCUyMTFtMTIlMjExbTMlMjExZDIzNjQuODQzNTUyNjk0NTk5JTIxMmQxMC4xMTUwMDY1MTU4NDk4OTQlMjEzZDUzLjY0OTc2MTY4MDA0Mzc3JTIxMm0zJTIxMWYwJTIxMmYwJTIxM2YwJTIxM20yJTIxMWkxMDI0JTIxMmk3NjglMjE0ZjEzLjElMjEzbTMlMjExbTIlMjExczB4NDdiMThhMGVmYWZmMDcxMSUyNTNBMHgzNmM0YjYyMDQxYWM5MzQzJTIxMnNCZXJuZXIlMjUyMFdlZyUyNTJDJTI1MjAyMjM5MyUyNTIwSGFtYnVyZyUyNTJDJTI1MjBHZXJtYW55JTIxNWUwJTIxM20yJTIxMXNlbiUyMTJzJTIxNHYxNjExMTgwMTEwMzY2JTIxNW0yJTIxMXNlbiUyMTJzJTIyJTIwd2lkdGglM0QlMjIxMDAlMjUlMjIlMjBoZWlnaHQlM0QlMjI0NTAlMjIlMjBmcmFtZWJvcmRlciUzRCUyMjAlMjIlMjBzdHlsZSUzRCUyMmJvcmRlciUzQTAlM0IlMjIlMjBhbGxvd2Z1bGxzY3JlZW4lM0QlMjIlMjIlMjBhcmlhLWhpZGRlbiUzRCUyMmZhbHNlJTIyJTIwdGFiaW5kZXglM0QlMjIwJTIyJTNFJTNDJTJGaWZyYW1lJTNF[\/vc_raw_html][\/vc_column][\/vc_row]<\/p>\n","protected":false},"excerpt":{"rendered":"<p>I\u2019ll admit, the beauty category here is left a little unloved. I\u2019m not an expert, or even an enthusiast, but when I do find products that I really like and work for me &#8230;<\/p>\n","protected":false},"author":1,"featured_media":0,"parent":0,"menu_order":0,"comment_status":"closed","ping_status":"closed","template":"","meta":[],"yoast_head":"<!-- This site is optimized with the Yoast SEO plugin v20.12 - https:\/\/yoast.com\/wordpress\/plugins\/seo\/ -->\n<title>Biografie - mahnaz mashreghi<\/title>\n<meta name=\"robots\" content=\"index, follow, max-snippet:-1, max-image-preview:large, max-video-preview:-1\" \/>\n<link rel=\"canonical\" href=\"https:\/\/mahnazmashreghi.com\/de\/contact\/\" \/>\n<meta property=\"og:locale\" content=\"de_DE\" \/>\n<meta property=\"og:type\" content=\"article\" \/>\n<meta property=\"og:title\" content=\"Biografie - mahnaz mashreghi\" \/>\n<meta property=\"og:description\" content=\"I\u2019ll admit, the beauty category here is left a little unloved. I\u2019m not an expert, or even an enthusiast, but when I do find products that I really like and work for me ...\" \/>\n<meta property=\"og:url\" content=\"https:\/\/mahnazmashreghi.com\/de\/contact\/\" \/>\n<meta property=\"og:site_name\" content=\"mahnaz mashreghi\" \/>\n<meta property=\"article:modified_time\" content=\"2021-02-16T16:05:52+00:00\" \/>\n<meta name=\"twitter:card\" content=\"summary_large_image\" \/>\n<meta name=\"twitter:label1\" content=\"Gesch\u00e4tzte Lesezeit\" \/>\n\t<meta name=\"twitter:data1\" content=\"2\u00a0Minuten\" \/>\n<script type=\"application\/ld+json\" class=\"yoast-schema-graph\">{\"@context\":\"https:\/\/schema.org\",\"@graph\":[{\"@type\":\"WebPage\",\"@id\":\"https:\/\/mahnazmashreghi.com\/de\/contact\/\",\"url\":\"https:\/\/mahnazmashreghi.com\/de\/contact\/\",\"name\":\"Biografie - mahnaz mashreghi\",\"isPartOf\":{\"@id\":\"https:\/\/mahnazmashreghi.com\/de\/#website\"},\"datePublished\":\"2020-12-24T15:16:03+00:00\",\"dateModified\":\"2021-02-16T16:05:52+00:00\",\"breadcrumb\":{\"@id\":\"https:\/\/mahnazmashreghi.com\/de\/contact\/#breadcrumb\"},\"inLanguage\":\"de\",\"potentialAction\":[{\"@type\":\"ReadAction\",\"target\":[\"https:\/\/mahnazmashreghi.com\/de\/contact\/\"]}]},{\"@type\":\"BreadcrumbList\",\"@id\":\"https:\/\/mahnazmashreghi.com\/de\/contact\/#breadcrumb\",\"itemListElement\":[{\"@type\":\"ListItem\",\"position\":1,\"name\":\"\u062e\u0627\u0646\u0647\",\"item\":\"https:\/\/mahnazmashreghi.com\/de\/\"},{\"@type\":\"ListItem\",\"position\":2,\"name\":\"Biografie\"}]},{\"@type\":\"WebSite\",\"@id\":\"https:\/\/mahnazmashreghi.com\/de\/#website\",\"url\":\"https:\/\/mahnazmashreghi.com\/de\/\",\"name\":\"mahnaz mashreghi\",\"description\":\"Entspannungszentrum der Welt des Inneren\",\"potentialAction\":[{\"@type\":\"SearchAction\",\"target\":{\"@type\":\"EntryPoint\",\"urlTemplate\":\"https:\/\/mahnazmashreghi.com\/de\/?s={search_term_string}\"},\"query-input\":\"required name=search_term_string\"}],\"inLanguage\":\"de\"}]}<\/script>\n<!-- \/ Yoast SEO plugin. -->","yoast_head_json":{"title":"Biografie - mahnaz mashreghi","robots":{"index":"index","follow":"follow","max-snippet":"max-snippet:-1","max-image-preview":"max-image-preview:large","max-video-preview":"max-video-preview:-1"},"canonical":"https:\/\/mahnazmashreghi.com\/de\/contact\/","og_locale":"de_DE","og_type":"article","og_title":"Biografie - mahnaz mashreghi","og_description":"I\u2019ll admit, the beauty category here is left a little unloved. I\u2019m not an expert, or even an enthusiast, but when I do find products that I really like and work for me ...","og_url":"https:\/\/mahnazmashreghi.com\/de\/contact\/","og_site_name":"mahnaz mashreghi","article_modified_time":"2021-02-16T16:05:52+00:00","twitter_card":"summary_large_image","twitter_misc":{"Gesch\u00e4tzte Lesezeit":"2\u00a0Minuten"},"schema":{"@context":"https:\/\/schema.org","@graph":[{"@type":"WebPage","@id":"https:\/\/mahnazmashreghi.com\/de\/contact\/","url":"https:\/\/mahnazmashreghi.com\/de\/contact\/","name":"Biografie - mahnaz mashreghi","isPartOf":{"@id":"https:\/\/mahnazmashreghi.com\/de\/#website"},"datePublished":"2020-12-24T15:16:03+00:00","dateModified":"2021-02-16T16:05:52+00:00","breadcrumb":{"@id":"https:\/\/mahnazmashreghi.com\/de\/contact\/#breadcrumb"},"inLanguage":"de","potentialAction":[{"@type":"ReadAction","target":["https:\/\/mahnazmashreghi.com\/de\/contact\/"]}]},{"@type":"BreadcrumbList","@id":"https:\/\/mahnazmashreghi.com\/de\/contact\/#breadcrumb","itemListElement":[{"@type":"ListItem","position":1,"name":"\u062e\u0627\u0646\u0647","item":"https:\/\/mahnazmashreghi.com\/de\/"},{"@type":"ListItem","position":2,"name":"Biografie"}]},{"@type":"WebSite","@id":"https:\/\/mahnazmashreghi.com\/de\/#website","url":"https:\/\/mahnazmashreghi.com\/de\/","name":"mahnaz mashreghi","description":"Entspannungszentrum der Welt des Inneren","potentialAction":[{"@type":"SearchAction","target":{"@type":"EntryPoint","urlTemplate":"https:\/\/mahnazmashreghi.com\/de\/?s={search_term_string}"},"query-input":"required name=search_term_string"}],"inLanguage":"de"}]}},"_links":{"self":[{"href":"https:\/\/mahnazmashreghi.com\/de\/wp-json\/wp\/v2\/pages\/77"}],"collection":[{"href":"https:\/\/mahnazmashreghi.com\/de\/wp-json\/wp\/v2\/pages"}],"about":[{"href":"https:\/\/mahnazmashreghi.com\/de\/wp-json\/wp\/v2\/types\/page"}],"author":[{"embeddable":true,"href":"https:\/\/mahnazmashreghi.com\/de\/wp-json\/wp\/v2\/users\/1"}],"replies":[{"embeddable":true,"href":"https:\/\/mahnazmashreghi.com\/de\/wp-json\/wp\/v2\/comments?post=77"}],"version-history":[{"count":24,"href":"https:\/\/mahnazmashreghi.com\/de\/wp-json\/wp\/v2\/pages\/77\/revisions"}],"predecessor-version":[{"id":637,"href":"https:\/\/mahnazmashreghi.com\/de\/wp-json\/wp\/v2\/pages\/77\/revisions\/637"}],"wp:attachment":[{"href":"https:\/\/mahnazmashreghi.com\/de\/wp-json\/wp\/v2\/media?parent=77"}],"curies":[{"name":"wp","href":"https:\/\/api.w.org\/{rel}","templated":true}]}}