{"id":709,"date":"2021-04-09T08:33:33","date_gmt":"2021-04-09T08:33:33","guid":{"rendered":"https:\/\/mahnazmashreghi.com\/de\/?page_id=709"},"modified":"2021-04-09T08:33:33","modified_gmt":"2021-04-09T08:33:33","slug":"datenschutz","status":"publish","type":"page","link":"https:\/\/mahnazmashreghi.com\/de\/datenschutz\/","title":{"rendered":"Datenschutz"},"content":{"rendered":"<p>Datenschutzerkl\u00e4rung<\/p>\n<p>Die Nutzung unserer Seite ist ohne eine Angabe von personenbezogenen Daten m\u00f6glich. F\u00fcr die Nutzung einzelner Services unserer Seite k\u00f6nnen sich hierf\u00fcr abweichende Regelungen ergeben, die in diesem Falle nachstehend gesondert erl\u00e4utert werden. Deine personenbezogenen Daten (z.B. Name, Anschrift, E-Mail, Telefonnummer, u. \u00e4.) werden von uns nur gem\u00e4\u00df den Bestimmungen des deutschen Datenschutzrechts verarbeitet. Daten sind dann personenbezogen, wenn sie eindeutig einer bestimmten nat\u00fcrlichen Person zugeordnet werden k\u00f6nnen. Die rechtlichen Grundlagen des Datenschutzes findest du im Bundesdatenschutzgesetz (BDSG) und dem Telemediengesetz (TMG). Nachstehende Regelungen informieren dich insoweit \u00fcber die Art, den Umfang und Zweck der Erhebung, die Nutzung und die Verarbeitung von personenbezogenen Daten durch den Entspannungszentrum der Welt des Inneren.<\/p>\n<p>Wir weisen darauf hin, dass die internetbasierte Daten\u00fcbertragung Sicherheitsl\u00fccken aufweist, ein l\u00fcckenloser Schutz vor Zugriffen durch Dritte somit unm\u00f6glich ist.<\/p>\n<p>Welche Daten erheben wir von Dir?<br \/>\nWir erheben personenbezogene Daten von dir zur Abwicklung der von dir ausgew\u00e4hlten Angebote und Dienste. Dies erfolgt insbesondere bei der Buchung eines durch uns durchgef\u00fchrten Seminars, die Teilnahme an Veranstaltungen, die Bestellung von Kostenlosem, aber auch z. B. durch das Ausf\u00fcllen eines Formulars.<\/p>\n<p>Bitte beachte, dass insbesondere bei der Buchung von Seminaren auch personenbezogene Daten Mitreisender erhoben werden k\u00f6nnen. Du solltest daher sicherstellen, dass s\u00e4mtliche Informationen, die sich auf Dritte beziehen, mit dem Einverst\u00e4ndnis dieser Personen von dir bereitgestellt werden.<\/p>\n<p>Ich willige ein, dass Entspannungszentrum der Welt des Inneren meine personenbezogenen Daten zur Begr\u00fcndung, Durchf\u00fchrung und Abwicklung meines Vertragsverh\u00e4ltnisses verarbeitet und nutzt.<\/p>\n<p>Nutzung deiner Daten zur Zusendung von Entspannungszentrum der Welt des Inneren Informations-Material<br \/>\nNeben der Verarbeitung deiner Daten zur Abwicklung deiner gew\u00e4hlten Dienstleistung oder Seminarbuchung, nutzen wir diese Daten auch, um dich auf dem Postweg \u00fcber f\u00fcr dich m\u00f6glicherweise interessante Seminare und Dienstleistungen zu informieren.<\/p>\n<p>Der Verwendung deiner personenbezogenen Daten f\u00fcr Werbezwecke kannst du jederzeit widersprechen, ohne dass hierf\u00fcr andere als die \u00dcbermittlungskosten nach den Basistarifen entstehen. Eine Mitteilung in Textform (z.B. E-Mail, Brief) reicht hierf\u00fcr aus.<br \/>\nNutze daf\u00fcr einfach folgende Kontaktinformationen:<\/p>\n<p>Per E-Mail:<br \/>\nMahnaz.mashreghi@yahoo.com<\/p>\n","protected":false},"excerpt":{"rendered":"<p>Datenschutzerkl\u00e4rung Die Nutzung unserer Seite ist ohne eine Angabe von personenbezogenen Daten m\u00f6glich. F\u00fcr die Nutzung einzelner Services unserer Seite k\u00f6nnen sich hierf\u00fcr abweichende Regelungen ergeben, die in diesem Falle nachstehend gesondert erl\u00e4utert werden. Deine personenbezogenen Daten (z.B. Name, Anschrift, E-Mail, Telefonnummer, u. \u00e4.) werden von uns nur gem\u00e4\u00df den Bestimmungen des deutschen Datenschutzrechts verarbeitet. [&hellip;]<\/p>\n","protected":false},"author":1,"featured_media":0,"parent":0,"menu_order":0,"comment_status":"closed","ping_status":"closed","template":"","meta":[],"yoast_head":"<!-- This site is optimized with the Yoast SEO plugin v20.12 - https:\/\/yoast.com\/wordpress\/plugins\/seo\/ -->\n<title>Datenschutz - mahnaz mashreghi<\/title>\n<meta name=\"robots\" content=\"index, follow, max-snippet:-1, max-image-preview:large, max-video-preview:-1\" \/>\n<link rel=\"canonical\" href=\"https:\/\/mahnazmashreghi.com\/de\/datenschutz\/\" \/>\n<meta property=\"og:locale\" content=\"de_DE\" \/>\n<meta property=\"og:type\" content=\"article\" \/>\n<meta property=\"og:title\" content=\"Datenschutz - mahnaz mashreghi\" \/>\n<meta property=\"og:description\" content=\"Datenschutzerkl\u00e4rung Die Nutzung unserer Seite ist ohne eine Angabe von personenbezogenen Daten m\u00f6glich. F\u00fcr die Nutzung einzelner Services unserer Seite k\u00f6nnen sich hierf\u00fcr abweichende Regelungen ergeben, die in diesem Falle nachstehend gesondert erl\u00e4utert werden. Deine personenbezogenen Daten (z.B. Name, Anschrift, E-Mail, Telefonnummer, u. \u00e4.) werden von uns nur gem\u00e4\u00df den Bestimmungen des deutschen Datenschutzrechts verarbeitet. [&hellip;]\" \/>\n<meta property=\"og:url\" content=\"https:\/\/mahnazmashreghi.com\/de\/datenschutz\/\" \/>\n<meta property=\"og:site_name\" content=\"mahnaz mashreghi\" \/>\n<meta name=\"twitter:card\" content=\"summary_large_image\" \/>\n<meta name=\"twitter:label1\" content=\"Gesch\u00e4tzte Lesezeit\" \/>\n\t<meta name=\"twitter:data1\" content=\"2\u00a0Minuten\" \/>\n<script type=\"application\/ld+json\" class=\"yoast-schema-graph\">{\"@context\":\"https:\/\/schema.org\",\"@graph\":[{\"@type\":\"WebPage\",\"@id\":\"https:\/\/mahnazmashreghi.com\/de\/datenschutz\/\",\"url\":\"https:\/\/mahnazmashreghi.com\/de\/datenschutz\/\",\"name\":\"Datenschutz - mahnaz mashreghi\",\"isPartOf\":{\"@id\":\"https:\/\/mahnazmashreghi.com\/de\/#website\"},\"datePublished\":\"2021-04-09T08:33:33+00:00\",\"dateModified\":\"2021-04-09T08:33:33+00:00\",\"breadcrumb\":{\"@id\":\"https:\/\/mahnazmashreghi.com\/de\/datenschutz\/#breadcrumb\"},\"inLanguage\":\"de\",\"potentialAction\":[{\"@type\":\"ReadAction\",\"target\":[\"https:\/\/mahnazmashreghi.com\/de\/datenschutz\/\"]}]},{\"@type\":\"BreadcrumbList\",\"@id\":\"https:\/\/mahnazmashreghi.com\/de\/datenschutz\/#breadcrumb\",\"itemListElement\":[{\"@type\":\"ListItem\",\"position\":1,\"name\":\"\u062e\u0627\u0646\u0647\",\"item\":\"https:\/\/mahnazmashreghi.com\/de\/\"},{\"@type\":\"ListItem\",\"position\":2,\"name\":\"Datenschutz\"}]},{\"@type\":\"WebSite\",\"@id\":\"https:\/\/mahnazmashreghi.com\/de\/#website\",\"url\":\"https:\/\/mahnazmashreghi.com\/de\/\",\"name\":\"mahnaz mashreghi\",\"description\":\"Entspannungszentrum der Welt des Inneren\",\"potentialAction\":[{\"@type\":\"SearchAction\",\"target\":{\"@type\":\"EntryPoint\",\"urlTemplate\":\"https:\/\/mahnazmashreghi.com\/de\/?s={search_term_string}\"},\"query-input\":\"required name=search_term_string\"}],\"inLanguage\":\"de\"}]}<\/script>\n<!-- \/ Yoast SEO plugin. -->","yoast_head_json":{"title":"Datenschutz - mahnaz mashreghi","robots":{"index":"index","follow":"follow","max-snippet":"max-snippet:-1","max-image-preview":"max-image-preview:large","max-video-preview":"max-video-preview:-1"},"canonical":"https:\/\/mahnazmashreghi.com\/de\/datenschutz\/","og_locale":"de_DE","og_type":"article","og_title":"Datenschutz - mahnaz mashreghi","og_description":"Datenschutzerkl\u00e4rung Die Nutzung unserer Seite ist ohne eine Angabe von personenbezogenen Daten m\u00f6glich. F\u00fcr die Nutzung einzelner Services unserer Seite k\u00f6nnen sich hierf\u00fcr abweichende Regelungen ergeben, die in diesem Falle nachstehend gesondert erl\u00e4utert werden. Deine personenbezogenen Daten (z.B. Name, Anschrift, E-Mail, Telefonnummer, u. \u00e4.) werden von uns nur gem\u00e4\u00df den Bestimmungen des deutschen Datenschutzrechts verarbeitet. [&hellip;]","og_url":"https:\/\/mahnazmashreghi.com\/de\/datenschutz\/","og_site_name":"mahnaz mashreghi","twitter_card":"summary_large_image","twitter_misc":{"Gesch\u00e4tzte Lesezeit":"2\u00a0Minuten"},"schema":{"@context":"https:\/\/schema.org","@graph":[{"@type":"WebPage","@id":"https:\/\/mahnazmashreghi.com\/de\/datenschutz\/","url":"https:\/\/mahnazmashreghi.com\/de\/datenschutz\/","name":"Datenschutz - mahnaz mashreghi","isPartOf":{"@id":"https:\/\/mahnazmashreghi.com\/de\/#website"},"datePublished":"2021-04-09T08:33:33+00:00","dateModified":"2021-04-09T08:33:33+00:00","breadcrumb":{"@id":"https:\/\/mahnazmashreghi.com\/de\/datenschutz\/#breadcrumb"},"inLanguage":"de","potentialAction":[{"@type":"ReadAction","target":["https:\/\/mahnazmashreghi.com\/de\/datenschutz\/"]}]},{"@type":"BreadcrumbList","@id":"https:\/\/mahnazmashreghi.com\/de\/datenschutz\/#breadcrumb","itemListElement":[{"@type":"ListItem","position":1,"name":"\u062e\u0627\u0646\u0647","item":"https:\/\/mahnazmashreghi.com\/de\/"},{"@type":"ListItem","position":2,"name":"Datenschutz"}]},{"@type":"WebSite","@id":"https:\/\/mahnazmashreghi.com\/de\/#website","url":"https:\/\/mahnazmashreghi.com\/de\/","name":"mahnaz mashreghi","description":"Entspannungszentrum der Welt des Inneren","potentialAction":[{"@type":"SearchAction","target":{"@type":"EntryPoint","urlTemplate":"https:\/\/mahnazmashreghi.com\/de\/?s={search_term_string}"},"query-input":"required name=search_term_string"}],"inLanguage":"de"}]}},"_links":{"self":[{"href":"https:\/\/mahnazmashreghi.com\/de\/wp-json\/wp\/v2\/pages\/709"}],"collection":[{"href":"https:\/\/mahnazmashreghi.com\/de\/wp-json\/wp\/v2\/pages"}],"about":[{"href":"https:\/\/mahnazmashreghi.com\/de\/wp-json\/wp\/v2\/types\/page"}],"author":[{"embeddable":true,"href":"https:\/\/mahnazmashreghi.com\/de\/wp-json\/wp\/v2\/users\/1"}],"replies":[{"embeddable":true,"href":"https:\/\/mahnazmashreghi.com\/de\/wp-json\/wp\/v2\/comments?post=709"}],"version-history":[{"count":1,"href":"https:\/\/mahnazmashreghi.com\/de\/wp-json\/wp\/v2\/pages\/709\/revisions"}],"predecessor-version":[{"id":711,"href":"https:\/\/mahnazmashreghi.com\/de\/wp-json\/wp\/v2\/pages\/709\/revisions\/711"}],"wp:attachment":[{"href":"https:\/\/mahnazmashreghi.com\/de\/wp-json\/wp\/v2\/media?parent=709"}],"curies":[{"name":"wp","href":"https:\/\/api.w.org\/{rel}","templated":true}]}}