{"id":385,"date":"2021-01-20T21:17:32","date_gmt":"2021-01-20T22:17:32","guid":{"rendered":"https:\/\/mahnazmashreghi.com\/de\/?page_id=385"},"modified":"2021-02-28T14:58:06","modified_gmt":"2021-02-28T15:58:06","slug":"chakra-praxisbuch","status":"publish","type":"page","link":"https:\/\/mahnazmashreghi.com\/de\/chakra-praxisbuch\/","title":{"rendered":"Chakra Praxisbuch"},"content":{"rendered":"<p style=\"text-align: center;\"><img decoding=\"async\" loading=\"lazy\" class=\"alignnone size-medium wp-image-279\" src=\"https:\/\/mahnazmashreghi.com\/de\/wp-content\/uploads\/sites\/2\/2021\/01\/1pro--300x300.jpeg\" alt=\"\" width=\"300\" height=\"300\" srcset=\"https:\/\/mahnazmashreghi.com\/de\/wp-content\/uploads\/sites\/2\/2021\/01\/1pro--300x300.jpeg 300w, https:\/\/mahnazmashreghi.com\/de\/wp-content\/uploads\/sites\/2\/2021\/01\/1pro--150x150.jpeg 150w, https:\/\/mahnazmashreghi.com\/de\/wp-content\/uploads\/sites\/2\/2021\/01\/1pro-.jpeg 500w\" sizes=\"(max-width: 300px) 100vw, 300px\" \/><\/p>\n<p>&nbsp;<\/p>\n<p>Einf\u00fchrung in das Buch Atlas Chakra von Kalashatra Govin Da<br \/>\nIn diesem Buch handelt es sich um einen praktischen Leitfaden, der die Weisheit der Antike nutzt, um die Probleme und die Stressoren des modernen Lebens zu lindern. Chakren sind Lebensenergiezentren &#8211; und die Arbeit mit den sieben Chakren f\u00fchrt zur inneren Harmonie und Ausgeglichenheit des K\u00f6rpers und des Geistes. Mit diesem Buch lernen Sie alles, was Sie \u00fcber die sieben Lebensenergiezentren wissen brauchen.<br \/>\nWas sind Chakren und wie funktionieren sie? Welche pers\u00f6nlichen St\u00e4rken und Schw\u00e4chen haben Sie hinsichtlich der einzelnen Chakren? Was ist die Meditation und welche Vorz\u00fcge bringt sie mit sich? Diese und weitere Fragen werden intensiv mit diesem praktischen Arbeitsbuch behandelt.<br \/>\nZudem enth\u00e4lt es auch effektive Interventionen, damit Sie sich an der Energie Ihrer Chakren ausrichten k\u00f6nnen, um Ihre gesamte Lebenseinstellung zu optimieren. Sie lernen mit Blockaden der Chakren umzugehen und sich und Ihre Lebensenergiezentren zu st\u00e4rken.<br \/>\nDas Buch besteht aus 27 Kapiteln auf 552 Seiten, wobei die islamisch mystische Referenzen in den Fu\u00dfnoten der einzelnen Kapitel erg\u00e4nzt wurden..<br \/>\nDieses Buch wurde von Frau Mahnaz Mashreghi mit der offiziellen Genehmigung von C. Bertelsmann Verlag in Farsi \u00fcbersetzt und erg\u00e4nzt.<br \/>\nUnter der folgenden Telefonnummer k\u00f6nnen Sie dieses Buch im Iran bestellen: 09151151748<\/p>\n","protected":false},"excerpt":{"rendered":"<p>&nbsp; Einf\u00fchrung in das Buch Atlas Chakra von Kalashatra Govin Da In diesem Buch handelt es sich um einen praktischen Leitfaden, der die Weisheit der Antike nutzt, um die Probleme und die Stressoren des modernen Lebens zu lindern. Chakren sind Lebensenergiezentren &#8211; und die Arbeit mit den sieben Chakren f\u00fchrt zur inneren Harmonie und Ausgeglichenheit [&hellip;]<\/p>\n","protected":false},"author":1,"featured_media":0,"parent":0,"menu_order":0,"comment_status":"closed","ping_status":"closed","template":"","meta":[],"yoast_head":"<!-- This site is optimized with the Yoast SEO plugin v20.12 - https:\/\/yoast.com\/wordpress\/plugins\/seo\/ -->\n<title>Chakra Praxisbuch - mahnaz mashreghi<\/title>\n<meta name=\"robots\" content=\"index, follow, max-snippet:-1, max-image-preview:large, max-video-preview:-1\" \/>\n<link rel=\"canonical\" href=\"https:\/\/mahnazmashreghi.com\/de\/chakra-praxisbuch\/\" \/>\n<meta property=\"og:locale\" content=\"de_DE\" \/>\n<meta property=\"og:type\" content=\"article\" \/>\n<meta property=\"og:title\" content=\"Chakra Praxisbuch - mahnaz mashreghi\" \/>\n<meta property=\"og:description\" content=\"&nbsp; Einf\u00fchrung in das Buch Atlas Chakra von Kalashatra Govin Da In diesem Buch handelt es sich um einen praktischen Leitfaden, der die Weisheit der Antike nutzt, um die Probleme und die Stressoren des modernen Lebens zu lindern. Chakren sind Lebensenergiezentren &#8211; und die Arbeit mit den sieben Chakren f\u00fchrt zur inneren Harmonie und Ausgeglichenheit [&hellip;]\" \/>\n<meta property=\"og:url\" content=\"https:\/\/mahnazmashreghi.com\/de\/chakra-praxisbuch\/\" \/>\n<meta property=\"og:site_name\" content=\"mahnaz mashreghi\" \/>\n<meta property=\"article:modified_time\" content=\"2021-02-28T15:58:06+00:00\" \/>\n<meta property=\"og:image\" content=\"https:\/\/mahnazmashreghi.com\/de\/wp-content\/uploads\/sites\/2\/2021\/01\/1pro--300x300.jpeg\" \/>\n<meta name=\"twitter:card\" content=\"summary_large_image\" \/>\n<meta name=\"twitter:label1\" content=\"Gesch\u00e4tzte Lesezeit\" \/>\n\t<meta name=\"twitter:data1\" content=\"1\u00a0Minute\" \/>\n<script type=\"application\/ld+json\" class=\"yoast-schema-graph\">{\"@context\":\"https:\/\/schema.org\",\"@graph\":[{\"@type\":\"WebPage\",\"@id\":\"https:\/\/mahnazmashreghi.com\/de\/chakra-praxisbuch\/\",\"url\":\"https:\/\/mahnazmashreghi.com\/de\/chakra-praxisbuch\/\",\"name\":\"Chakra Praxisbuch - mahnaz mashreghi\",\"isPartOf\":{\"@id\":\"https:\/\/mahnazmashreghi.com\/de\/#website\"},\"datePublished\":\"2021-01-20T22:17:32+00:00\",\"dateModified\":\"2021-02-28T15:58:06+00:00\",\"breadcrumb\":{\"@id\":\"https:\/\/mahnazmashreghi.com\/de\/chakra-praxisbuch\/#breadcrumb\"},\"inLanguage\":\"de\",\"potentialAction\":[{\"@type\":\"ReadAction\",\"target\":[\"https:\/\/mahnazmashreghi.com\/de\/chakra-praxisbuch\/\"]}]},{\"@type\":\"BreadcrumbList\",\"@id\":\"https:\/\/mahnazmashreghi.com\/de\/chakra-praxisbuch\/#breadcrumb\",\"itemListElement\":[{\"@type\":\"ListItem\",\"position\":1,\"name\":\"\u062e\u0627\u0646\u0647\",\"item\":\"https:\/\/mahnazmashreghi.com\/de\/\"},{\"@type\":\"ListItem\",\"position\":2,\"name\":\"Chakra Praxisbuch\"}]},{\"@type\":\"WebSite\",\"@id\":\"https:\/\/mahnazmashreghi.com\/de\/#website\",\"url\":\"https:\/\/mahnazmashreghi.com\/de\/\",\"name\":\"mahnaz mashreghi\",\"description\":\"Entspannungszentrum der Welt des Inneren\",\"potentialAction\":[{\"@type\":\"SearchAction\",\"target\":{\"@type\":\"EntryPoint\",\"urlTemplate\":\"https:\/\/mahnazmashreghi.com\/de\/?s={search_term_string}\"},\"query-input\":\"required name=search_term_string\"}],\"inLanguage\":\"de\"}]}<\/script>\n<!-- \/ Yoast SEO plugin. -->","yoast_head_json":{"title":"Chakra Praxisbuch - mahnaz mashreghi","robots":{"index":"index","follow":"follow","max-snippet":"max-snippet:-1","max-image-preview":"max-image-preview:large","max-video-preview":"max-video-preview:-1"},"canonical":"https:\/\/mahnazmashreghi.com\/de\/chakra-praxisbuch\/","og_locale":"de_DE","og_type":"article","og_title":"Chakra Praxisbuch - mahnaz mashreghi","og_description":"&nbsp; Einf\u00fchrung in das Buch Atlas Chakra von Kalashatra Govin Da In diesem Buch handelt es sich um einen praktischen Leitfaden, der die Weisheit der Antike nutzt, um die Probleme und die Stressoren des modernen Lebens zu lindern. Chakren sind Lebensenergiezentren &#8211; und die Arbeit mit den sieben Chakren f\u00fchrt zur inneren Harmonie und Ausgeglichenheit [&hellip;]","og_url":"https:\/\/mahnazmashreghi.com\/de\/chakra-praxisbuch\/","og_site_name":"mahnaz mashreghi","article_modified_time":"2021-02-28T15:58:06+00:00","og_image":[{"url":"https:\/\/mahnazmashreghi.com\/de\/wp-content\/uploads\/sites\/2\/2021\/01\/1pro--300x300.jpeg"}],"twitter_card":"summary_large_image","twitter_misc":{"Gesch\u00e4tzte Lesezeit":"1\u00a0Minute"},"schema":{"@context":"https:\/\/schema.org","@graph":[{"@type":"WebPage","@id":"https:\/\/mahnazmashreghi.com\/de\/chakra-praxisbuch\/","url":"https:\/\/mahnazmashreghi.com\/de\/chakra-praxisbuch\/","name":"Chakra Praxisbuch - mahnaz mashreghi","isPartOf":{"@id":"https:\/\/mahnazmashreghi.com\/de\/#website"},"datePublished":"2021-01-20T22:17:32+00:00","dateModified":"2021-02-28T15:58:06+00:00","breadcrumb":{"@id":"https:\/\/mahnazmashreghi.com\/de\/chakra-praxisbuch\/#breadcrumb"},"inLanguage":"de","potentialAction":[{"@type":"ReadAction","target":["https:\/\/mahnazmashreghi.com\/de\/chakra-praxisbuch\/"]}]},{"@type":"BreadcrumbList","@id":"https:\/\/mahnazmashreghi.com\/de\/chakra-praxisbuch\/#breadcrumb","itemListElement":[{"@type":"ListItem","position":1,"name":"\u062e\u0627\u0646\u0647","item":"https:\/\/mahnazmashreghi.com\/de\/"},{"@type":"ListItem","position":2,"name":"Chakra Praxisbuch"}]},{"@type":"WebSite","@id":"https:\/\/mahnazmashreghi.com\/de\/#website","url":"https:\/\/mahnazmashreghi.com\/de\/","name":"mahnaz mashreghi","description":"Entspannungszentrum der Welt des Inneren","potentialAction":[{"@type":"SearchAction","target":{"@type":"EntryPoint","urlTemplate":"https:\/\/mahnazmashreghi.com\/de\/?s={search_term_string}"},"query-input":"required name=search_term_string"}],"inLanguage":"de"}]}},"_links":{"self":[{"href":"https:\/\/mahnazmashreghi.com\/de\/wp-json\/wp\/v2\/pages\/385"}],"collection":[{"href":"https:\/\/mahnazmashreghi.com\/de\/wp-json\/wp\/v2\/pages"}],"about":[{"href":"https:\/\/mahnazmashreghi.com\/de\/wp-json\/wp\/v2\/types\/page"}],"author":[{"embeddable":true,"href":"https:\/\/mahnazmashreghi.com\/de\/wp-json\/wp\/v2\/users\/1"}],"replies":[{"embeddable":true,"href":"https:\/\/mahnazmashreghi.com\/de\/wp-json\/wp\/v2\/comments?post=385"}],"version-history":[{"count":4,"href":"https:\/\/mahnazmashreghi.com\/de\/wp-json\/wp\/v2\/pages\/385\/revisions"}],"predecessor-version":[{"id":675,"href":"https:\/\/mahnazmashreghi.com\/de\/wp-json\/wp\/v2\/pages\/385\/revisions\/675"}],"wp:attachment":[{"href":"https:\/\/mahnazmashreghi.com\/de\/wp-json\/wp\/v2\/media?parent=385"}],"curies":[{"name":"wp","href":"https:\/\/api.w.org\/{rel}","templated":true}]}}