{"id":383,"date":"2021-01-20T21:11:54","date_gmt":"2021-01-20T22:11:54","guid":{"rendered":"https:\/\/mahnazmashreghi.com\/de\/?page_id=383"},"modified":"2021-02-28T15:10:02","modified_gmt":"2021-02-28T16:10:02","slug":"atem-techniken","status":"publish","type":"page","link":"https:\/\/mahnazmashreghi.com\/de\/atem-techniken\/","title":{"rendered":"Atem-Techniken"},"content":{"rendered":"<p style=\"text-align: center;\"><img decoding=\"async\" loading=\"lazy\" class=\"alignnone size-medium wp-image-280\" src=\"https:\/\/mahnazmashreghi.com\/de\/wp-content\/uploads\/sites\/2\/2021\/01\/2pro--212x300.jpeg\" alt=\"\" width=\"212\" height=\"300\" srcset=\"https:\/\/mahnazmashreghi.com\/de\/wp-content\/uploads\/sites\/2\/2021\/01\/2pro--212x300.jpeg 212w, https:\/\/mahnazmashreghi.com\/de\/wp-content\/uploads\/sites\/2\/2021\/01\/2pro--723x1024.jpeg 723w, https:\/\/mahnazmashreghi.com\/de\/wp-content\/uploads\/sites\/2\/2021\/01\/2pro--768x1088.jpeg 768w, https:\/\/mahnazmashreghi.com\/de\/wp-content\/uploads\/sites\/2\/2021\/01\/2pro--1084x1536.jpeg 1084w, https:\/\/mahnazmashreghi.com\/de\/wp-content\/uploads\/sites\/2\/2021\/01\/2pro-.jpeg 1129w\" sizes=\"(max-width: 212px) 100vw, 212px\" \/><\/p>\n<p>&nbsp;<\/p>\n<p>Atemtherapie &#8211; Atemtechniken, die zur Heilung f\u00fchren<br \/>\nDas Werk von Markus Schirner wurde mit offizieller Genehmigung des Verfasser Markus Schirner von Mahnaz Mashreghi in Farsi \u00fcbersetzt und seitens der \u00dcbersetzerin mit weiteren zahlreichen Atemmeditationen erg\u00e4nzt. Das Buch beinhaltet eine Meditations-CD mit Anleitung.<\/p>\n<p>In diesem Buch stellt Markus Schirner Ihnen zahlreiche Atemtechniken vor. Dabei hat er gezielt nur Atemtechniken ohne spezielle K\u00f6rper\u00fcbungen oder Yoga-Stellungen ausgew\u00e4hlt, die leicht erlernbar und f\u00fcr jeden durchf\u00fchrbar sind.<br \/>\nMit den angef\u00fchrten \u00dcbungen ist es m\u00f6glich, das allgemeine Wohlbefinden eines jeden Menschen zu steigern und den nat\u00fcrlichen Bezug zu Atem, K\u00f6rper und Bewusstsein wiederherzustellen. In Krankheitsf\u00e4llen k\u00f6nnen die \u00dcbungen unterst\u00fctzend zur Seite stehen und Ausstrahlung und Selbstbewusstsein st\u00e4rken. Des weiteren kann es jedem als \u00dcbungsanleitung zur Bewusstwerdung des eigenen Selbst dienen.<\/p>\n<p>Es gibt nur einen Menschen, der Dein Leben \u00e4ndern kann: Du selbst..<\/p>\n<p>Das Leben eines Menschen beginnt mit einem Atemzug und endet mit einer tiefen Ausatmung.<br \/>\nDazwischen liegen Millionen von Atemz\u00fcgen, die unser Leben auf alle m\u00f6glichen Arten beeinflussen.<br \/>\nUnbewusst kontrolliert der Atem unseren K\u00f6rper und der K\u00f6rper unseren Atem.<\/p>\n<p>Die Bewusstwerdung des Atems ist die schnellste und einfachste M\u00f6glichkeit, mit unseren Gedanken ins Hier und Jetzt zu kommen.<\/p>\n<p>Unter der folgenden Telefonnummer k\u00f6nnen Sie dieses Buch im Iran bestellen: 09151151748<\/p>\n","protected":false},"excerpt":{"rendered":"<p>&nbsp; Atemtherapie &#8211; Atemtechniken, die zur Heilung f\u00fchren Das Werk von Markus Schirner wurde mit offizieller Genehmigung des Verfasser Markus Schirner von Mahnaz Mashreghi in Farsi \u00fcbersetzt und seitens der \u00dcbersetzerin mit weiteren zahlreichen Atemmeditationen erg\u00e4nzt. Das Buch beinhaltet eine Meditations-CD mit Anleitung. In diesem Buch stellt Markus Schirner Ihnen zahlreiche Atemtechniken vor. Dabei hat [&hellip;]<\/p>\n","protected":false},"author":1,"featured_media":0,"parent":0,"menu_order":0,"comment_status":"closed","ping_status":"closed","template":"","meta":[],"yoast_head":"<!-- This site is optimized with the Yoast SEO plugin v20.12 - https:\/\/yoast.com\/wordpress\/plugins\/seo\/ -->\n<title>Atem-Techniken - mahnaz mashreghi<\/title>\n<meta name=\"robots\" content=\"index, follow, max-snippet:-1, max-image-preview:large, max-video-preview:-1\" \/>\n<link rel=\"canonical\" href=\"https:\/\/mahnazmashreghi.com\/de\/atem-techniken\/\" \/>\n<meta property=\"og:locale\" content=\"de_DE\" \/>\n<meta property=\"og:type\" content=\"article\" \/>\n<meta property=\"og:title\" content=\"Atem-Techniken - mahnaz mashreghi\" \/>\n<meta property=\"og:description\" content=\"&nbsp; Atemtherapie &#8211; Atemtechniken, die zur Heilung f\u00fchren Das Werk von Markus Schirner wurde mit offizieller Genehmigung des Verfasser Markus Schirner von Mahnaz Mashreghi in Farsi \u00fcbersetzt und seitens der \u00dcbersetzerin mit weiteren zahlreichen Atemmeditationen erg\u00e4nzt. Das Buch beinhaltet eine Meditations-CD mit Anleitung. In diesem Buch stellt Markus Schirner Ihnen zahlreiche Atemtechniken vor. Dabei hat [&hellip;]\" \/>\n<meta property=\"og:url\" content=\"https:\/\/mahnazmashreghi.com\/de\/atem-techniken\/\" \/>\n<meta property=\"og:site_name\" content=\"mahnaz mashreghi\" \/>\n<meta property=\"article:modified_time\" content=\"2021-02-28T16:10:02+00:00\" \/>\n<meta property=\"og:image\" content=\"https:\/\/mahnazmashreghi.com\/de\/wp-content\/uploads\/sites\/2\/2021\/01\/2pro--212x300.jpeg\" \/>\n<meta name=\"twitter:card\" content=\"summary_large_image\" \/>\n<meta name=\"twitter:label1\" content=\"Gesch\u00e4tzte Lesezeit\" \/>\n\t<meta name=\"twitter:data1\" content=\"1\u00a0Minute\" \/>\n<script type=\"application\/ld+json\" class=\"yoast-schema-graph\">{\"@context\":\"https:\/\/schema.org\",\"@graph\":[{\"@type\":\"WebPage\",\"@id\":\"https:\/\/mahnazmashreghi.com\/de\/atem-techniken\/\",\"url\":\"https:\/\/mahnazmashreghi.com\/de\/atem-techniken\/\",\"name\":\"Atem-Techniken - mahnaz mashreghi\",\"isPartOf\":{\"@id\":\"https:\/\/mahnazmashreghi.com\/de\/#website\"},\"datePublished\":\"2021-01-20T22:11:54+00:00\",\"dateModified\":\"2021-02-28T16:10:02+00:00\",\"breadcrumb\":{\"@id\":\"https:\/\/mahnazmashreghi.com\/de\/atem-techniken\/#breadcrumb\"},\"inLanguage\":\"de\",\"potentialAction\":[{\"@type\":\"ReadAction\",\"target\":[\"https:\/\/mahnazmashreghi.com\/de\/atem-techniken\/\"]}]},{\"@type\":\"BreadcrumbList\",\"@id\":\"https:\/\/mahnazmashreghi.com\/de\/atem-techniken\/#breadcrumb\",\"itemListElement\":[{\"@type\":\"ListItem\",\"position\":1,\"name\":\"\u062e\u0627\u0646\u0647\",\"item\":\"https:\/\/mahnazmashreghi.com\/de\/\"},{\"@type\":\"ListItem\",\"position\":2,\"name\":\"Atem-Techniken\"}]},{\"@type\":\"WebSite\",\"@id\":\"https:\/\/mahnazmashreghi.com\/de\/#website\",\"url\":\"https:\/\/mahnazmashreghi.com\/de\/\",\"name\":\"mahnaz mashreghi\",\"description\":\"Entspannungszentrum der Welt des Inneren\",\"potentialAction\":[{\"@type\":\"SearchAction\",\"target\":{\"@type\":\"EntryPoint\",\"urlTemplate\":\"https:\/\/mahnazmashreghi.com\/de\/?s={search_term_string}\"},\"query-input\":\"required name=search_term_string\"}],\"inLanguage\":\"de\"}]}<\/script>\n<!-- \/ Yoast SEO plugin. -->","yoast_head_json":{"title":"Atem-Techniken - mahnaz mashreghi","robots":{"index":"index","follow":"follow","max-snippet":"max-snippet:-1","max-image-preview":"max-image-preview:large","max-video-preview":"max-video-preview:-1"},"canonical":"https:\/\/mahnazmashreghi.com\/de\/atem-techniken\/","og_locale":"de_DE","og_type":"article","og_title":"Atem-Techniken - mahnaz mashreghi","og_description":"&nbsp; Atemtherapie &#8211; Atemtechniken, die zur Heilung f\u00fchren Das Werk von Markus Schirner wurde mit offizieller Genehmigung des Verfasser Markus Schirner von Mahnaz Mashreghi in Farsi \u00fcbersetzt und seitens der \u00dcbersetzerin mit weiteren zahlreichen Atemmeditationen erg\u00e4nzt. Das Buch beinhaltet eine Meditations-CD mit Anleitung. In diesem Buch stellt Markus Schirner Ihnen zahlreiche Atemtechniken vor. Dabei hat [&hellip;]","og_url":"https:\/\/mahnazmashreghi.com\/de\/atem-techniken\/","og_site_name":"mahnaz mashreghi","article_modified_time":"2021-02-28T16:10:02+00:00","og_image":[{"url":"https:\/\/mahnazmashreghi.com\/de\/wp-content\/uploads\/sites\/2\/2021\/01\/2pro--212x300.jpeg"}],"twitter_card":"summary_large_image","twitter_misc":{"Gesch\u00e4tzte Lesezeit":"1\u00a0Minute"},"schema":{"@context":"https:\/\/schema.org","@graph":[{"@type":"WebPage","@id":"https:\/\/mahnazmashreghi.com\/de\/atem-techniken\/","url":"https:\/\/mahnazmashreghi.com\/de\/atem-techniken\/","name":"Atem-Techniken - mahnaz mashreghi","isPartOf":{"@id":"https:\/\/mahnazmashreghi.com\/de\/#website"},"datePublished":"2021-01-20T22:11:54+00:00","dateModified":"2021-02-28T16:10:02+00:00","breadcrumb":{"@id":"https:\/\/mahnazmashreghi.com\/de\/atem-techniken\/#breadcrumb"},"inLanguage":"de","potentialAction":[{"@type":"ReadAction","target":["https:\/\/mahnazmashreghi.com\/de\/atem-techniken\/"]}]},{"@type":"BreadcrumbList","@id":"https:\/\/mahnazmashreghi.com\/de\/atem-techniken\/#breadcrumb","itemListElement":[{"@type":"ListItem","position":1,"name":"\u062e\u0627\u0646\u0647","item":"https:\/\/mahnazmashreghi.com\/de\/"},{"@type":"ListItem","position":2,"name":"Atem-Techniken"}]},{"@type":"WebSite","@id":"https:\/\/mahnazmashreghi.com\/de\/#website","url":"https:\/\/mahnazmashreghi.com\/de\/","name":"mahnaz mashreghi","description":"Entspannungszentrum der Welt des Inneren","potentialAction":[{"@type":"SearchAction","target":{"@type":"EntryPoint","urlTemplate":"https:\/\/mahnazmashreghi.com\/de\/?s={search_term_string}"},"query-input":"required name=search_term_string"}],"inLanguage":"de"}]}},"_links":{"self":[{"href":"https:\/\/mahnazmashreghi.com\/de\/wp-json\/wp\/v2\/pages\/383"}],"collection":[{"href":"https:\/\/mahnazmashreghi.com\/de\/wp-json\/wp\/v2\/pages"}],"about":[{"href":"https:\/\/mahnazmashreghi.com\/de\/wp-json\/wp\/v2\/types\/page"}],"author":[{"embeddable":true,"href":"https:\/\/mahnazmashreghi.com\/de\/wp-json\/wp\/v2\/users\/1"}],"replies":[{"embeddable":true,"href":"https:\/\/mahnazmashreghi.com\/de\/wp-json\/wp\/v2\/comments?post=383"}],"version-history":[{"count":5,"href":"https:\/\/mahnazmashreghi.com\/de\/wp-json\/wp\/v2\/pages\/383\/revisions"}],"predecessor-version":[{"id":678,"href":"https:\/\/mahnazmashreghi.com\/de\/wp-json\/wp\/v2\/pages\/383\/revisions\/678"}],"wp:attachment":[{"href":"https:\/\/mahnazmashreghi.com\/de\/wp-json\/wp\/v2\/media?parent=383"}],"curies":[{"name":"wp","href":"https:\/\/api.w.org\/{rel}","templated":true}]}}